{"id":138,"date":"2023-01-05T14:47:15","date_gmt":"2023-01-05T12:47:15","guid":{"rendered":"http:\/\/localhost\/giroweb-ok\/que-hacemos\/"},"modified":"2024-10-01T08:53:44","modified_gmt":"2024-10-01T06:53:44","slug":"qui-som","status":"publish","type":"page","link":"https:\/\/edugraf.com\/ca\/qui-som\/","title":{"rendered":"Qui som"},"content":{"rendered":"<p>A Edugraf sempre hem considerat vital formar un gran equip, no gran per la quantitat de treballadors que el formin, s\u00ed excepcional per la seva capacitat i experi\u00e8ncia, que al final \u00e9s el resultat d\u00b4una bona col\u00b7laboraci\u00f3 amb els nostres clients. El factor hum\u00e0 \u00e9s la nostra base, i la innovaci\u00f3 de noves tecnologies, la soluci\u00f3 per oferir les millors opcions d&#8217;impressi\u00f3 i acabats disponibles al mercat.<\/p>\n<p><strong>El nostre objectiu: La vostra satisfacci\u00f3 impresa.<\/strong><\/p>\n<p>Treballs:<\/p>\n<ul>\n<li>Impresi\u00f3 de llibres<\/li>\n<li>Revistes<\/li>\n<li>Fulletons<\/li>\n<\/ul>\n","protected":false},"excerpt":{"rendered":"<p>A Edugraf sempre hem considerat vital formar un gran equip, no gran per la quantitat de treballadors que el formin, s\u00ed excepcional per la seva capacitat i experi\u00e8ncia, que al final \u00e9s el resultat d\u00b4una bona col\u00b7laboraci\u00f3 amb els nostres clients. El factor hum\u00e0 \u00e9s la nostra base, i la innovaci\u00f3 de noves tecnologies, la [&hellip;]<\/p>\n","protected":false},"author":1,"featured_media":0,"parent":0,"menu_order":3,"comment_status":"closed","ping_status":"closed","template":"template-portfolio.php","meta":{"footnotes":""},"class_list":["post-138","page","type-page","status-publish","hentry"],"_links":{"self":[{"href":"https:\/\/edugraf.com\/ca\/wp-json\/wp\/v2\/pages\/138","targetHints":{"allow":["GET"]}}],"collection":[{"href":"https:\/\/edugraf.com\/ca\/wp-json\/wp\/v2\/pages"}],"about":[{"href":"https:\/\/edugraf.com\/ca\/wp-json\/wp\/v2\/types\/page"}],"author":[{"embeddable":true,"href":"https:\/\/edugraf.com\/ca\/wp-json\/wp\/v2\/users\/1"}],"replies":[{"embeddable":true,"href":"https:\/\/edugraf.com\/ca\/wp-json\/wp\/v2\/comments?post=138"}],"version-history":[{"count":8,"href":"https:\/\/edugraf.com\/ca\/wp-json\/wp\/v2\/pages\/138\/revisions"}],"predecessor-version":[{"id":456,"href":"https:\/\/edugraf.com\/ca\/wp-json\/wp\/v2\/pages\/138\/revisions\/456"}],"wp:attachment":[{"href":"https:\/\/edugraf.com\/ca\/wp-json\/wp\/v2\/media?parent=138"}],"curies":[{"name":"wp","href":"https:\/\/api.w.org\/{rel}","templated":true}]}}